{"id":1608,"date":"2025-04-28T12:45:00","date_gmt":"2025-04-28T10:45:00","guid":{"rendered":"https:\/\/www.villaolimpianerano.com\/?page_id=1608"},"modified":"2025-04-28T13:19:48","modified_gmt":"2025-04-28T11:19:48","slug":"ristorante","status":"publish","type":"page","link":"https:\/\/www.villaolimpianerano.com\/en\/ristorante\/","title":{"rendered":"Restaurant"},"content":{"rendered":"<style>.elementor-1608 .elementor-element.elementor-element-0b2ccaa{--display:flex;--flex-direction:column;--container-widget-width:100%;--container-widget-height:initial;--container-widget-flex-grow:0;--container-widget-align-self:initial;--flex-wrap-mobile:wrap;--margin-top:67px;--margin-bottom:0px;--margin-left:0px;--margin-right:0px;--padding-top:0px;--padding-bottom:0px;--padding-left:0px;--padding-right:0px;}.elementor-1608 .elementor-element.elementor-element-5ca5caf{text-align:center;}.elementor-1608 .elementor-element.elementor-element-5ca5caf .elementor-heading-title{font-family:\"Noto Rashi Hebrew\", Sans-serif;font-size:4.2em;font-weight:600;-webkit-text-stroke-width:0px;stroke-width:0px;-webkit-text-stroke-color:#000;stroke:#000;color:var( --e-global-color-primary );}.elementor-1608 .elementor-element.elementor-element-ada03dc{--spacer-size:13px;}.elementor-1608 .elementor-element.elementor-element-e665fa1{--display:flex;--flex-direction:row;--container-widget-width:initial;--container-widget-height:100%;--container-widget-flex-grow:1;--container-widget-align-self:stretch;--flex-wrap-mobile:wrap;--gap:0px 0px;--row-gap:0px;--column-gap:0px;}.elementor-1608 .elementor-element.elementor-element-7a2a1fa{--display:flex;--flex-direction:column;--container-widget-width:100%;--container-widget-height:initial;--container-widget-flex-grow:0;--container-widget-align-self:initial;--flex-wrap-mobile:wrap;}.elementor-1608 .elementor-element.elementor-element-8fe7f98{--display:flex;--flex-direction:column;--container-widget-width:100%;--container-widget-height:initial;--container-widget-flex-grow:0;--container-widget-align-self:initial;--flex-wrap-mobile:wrap;}.elementor-1608 .elementor-element.elementor-element-4fc68e0{text-align:justify;font-family:\"Montserrat\", Sans-serif;font-size:1em;font-weight:500;line-height:37px;}.elementor-1608 .elementor-element.elementor-element-4fc68e0 p{margin-block-end:0px;}.elementor-1608 .elementor-element.elementor-element-ad307ce{--display:grid;--e-con-grid-template-columns:repeat(2, 1fr);--e-con-grid-template-rows:repeat(1, 1fr);--grid-auto-flow:row;--align-items:center;}.elementor-1608 .elementor-element.elementor-element-a8d9f0c .elementor-button{font-size:0.9em;font-weight:600;text-transform:capitalize;fill:var( --e-global-color-astglobalcolor5 );color:var( --e-global-color-astglobalcolor5 );background-color:var( --e-global-color-secondary );border-radius:5px 5px 5px 5px;padding:18px 18px 18px 18px;}.elementor-1608 .elementor-element.elementor-element-a8d9f0c .elementor-button:hover, .elementor-1608 .elementor-element.elementor-element-a8d9f0c .elementor-button:focus{background-color:var( --e-global-color-primary );}.elementor-1608 .elementor-element.elementor-element-ee8a172 .elementor-button-content-wrapper{flex-direction:row;}.elementor-1608 .elementor-element.elementor-element-ee8a172 .elementor-button{font-size:0.9em;font-weight:600;text-transform:capitalize;fill:var( --e-global-color-astglobalcolor5 );color:var( --e-global-color-astglobalcolor5 );background-color:var( --e-global-color-secondary );border-radius:5px 5px 5px 5px;padding:18px 18px 18px 18px;}.elementor-1608 .elementor-element.elementor-element-ee8a172 .elementor-button:hover, .elementor-1608 .elementor-element.elementor-element-ee8a172 .elementor-button:focus{background-color:var( --e-global-color-primary );}.elementor-1608 .elementor-element.elementor-element-23e538c{--display:flex;--flex-direction:column;--container-widget-width:100%;--container-widget-height:initial;--container-widget-flex-grow:0;--container-widget-align-self:initial;--flex-wrap-mobile:wrap;}.elementor-1608 .elementor-element.elementor-element-098e770{--divider-border-style:solid;--divider-color:var( --e-global-color-secondary );--divider-border-width:4.3px;}.elementor-1608 .elementor-element.elementor-element-098e770 .elementor-divider-separator{width:70%;margin:0 auto;margin-center:0;}.elementor-1608 .elementor-element.elementor-element-098e770 .elementor-divider{text-align:center;padding-block-start:24px;padding-block-end:24px;}@media(max-width:1024px){.elementor-1608 .elementor-element.elementor-element-ad307ce{--grid-auto-flow:row;}}@media(min-width:768px){.elementor-1608 .elementor-element.elementor-element-7a2a1fa{--width:33.3333%;}.elementor-1608 .elementor-element.elementor-element-8fe7f98{--width:66.6666%;}.elementor-1608 .elementor-element.elementor-element-23e538c{--content-width:100%;}}@media(max-width:767px){.elementor-1608 .elementor-element.elementor-element-ad307ce{--e-con-grid-template-columns:repeat(1, 1fr);--grid-auto-flow:row;}}<\/style>\t\t<div data-elementor-type=\"wp-page\" data-elementor-id=\"1608\" class=\"elementor elementor-1608\">\n\t\t\t\t<div class=\"elementor-element elementor-element-0b2ccaa e-flex e-con-boxed e-con e-parent\" data-id=\"0b2ccaa\" data-element_type=\"container\" data-e-type=\"container\">\n\t\t\t\t\t<div class=\"e-con-inner\">\n\t\t\t\t<div class=\"elementor-element elementor-element-5ca5caf elementor-widget elementor-widget-heading\" data-id=\"5ca5caf\" data-element_type=\"widget\" data-e-type=\"widget\" data-widget_type=\"heading.default\">\n\t\t\t\t<div class=\"elementor-widget-container\">\n\t\t\t\t\t<h1 class=\"elementor-heading-title elementor-size-default\">Restaurant<\/h1>\t\t\t\t<\/div>\n\t\t\t\t<\/div>\n\t\t\t\t<div class=\"elementor-element elementor-element-ada03dc elementor-widget elementor-widget-spacer\" data-id=\"ada03dc\" data-element_type=\"widget\" data-e-type=\"widget\" data-widget_type=\"spacer.default\">\n\t\t\t\t<div class=\"elementor-widget-container\">\n\t\t\t\t\t\t\t<div class=\"elementor-spacer\">\n\t\t\t<div class=\"elementor-spacer-inner\"><\/div>\n\t\t<\/div>\n\t\t\t\t\t\t<\/div>\n\t\t\t\t<\/div>\n\t\t\t\t\t<\/div>\n\t\t\t\t<\/div>\n\t\t<div class=\"elementor-element elementor-element-e665fa1 e-flex e-con-boxed e-con e-parent\" data-id=\"e665fa1\" data-element_type=\"container\" data-e-type=\"container\">\n\t\t\t\t\t<div class=\"e-con-inner\">\n\t\t<div class=\"elementor-element elementor-element-7a2a1fa e-con-full e-flex e-con e-child\" data-id=\"7a2a1fa\" data-element_type=\"container\" data-e-type=\"container\">\n\t\t\t\t<div class=\"elementor-element elementor-element-af03822 elementor-widget elementor-widget-image\" data-id=\"af03822\" data-element_type=\"widget\" data-e-type=\"widget\" data-widget_type=\"image.default\">\n\t\t\t\t<div class=\"elementor-widget-container\">\n\t\t\t\t\t\t\t\t\t\t\t\t\t\t\t<img fetchpriority=\"high\" decoding=\"async\" width=\"500\" height=\"500\" src=\"https:\/\/www.villaolimpianerano.com\/wp-content\/uploads\/2025\/04\/IL-CANTUCCIO-NERANO.png\" class=\"attachment-full size-full wp-image-1609\" alt=\"\" srcset=\"https:\/\/www.villaolimpianerano.com\/wp-content\/uploads\/2025\/04\/IL-CANTUCCIO-NERANO.png 500w, https:\/\/www.villaolimpianerano.com\/wp-content\/uploads\/2025\/04\/IL-CANTUCCIO-NERANO-300x300.png 300w, https:\/\/www.villaolimpianerano.com\/wp-content\/uploads\/2025\/04\/IL-CANTUCCIO-NERANO-150x150.png 150w, https:\/\/www.villaolimpianerano.com\/wp-content\/uploads\/2025\/04\/IL-CANTUCCIO-NERANO-12x12.png 12w\" sizes=\"(max-width: 500px) 100vw, 500px\" \/>\t\t\t\t\t\t\t\t\t\t\t\t\t\t\t<\/div>\n\t\t\t\t<\/div>\n\t\t\t\t<\/div>\n\t\t<div class=\"elementor-element elementor-element-8fe7f98 e-con-full e-flex e-con e-child\" data-id=\"8fe7f98\" data-element_type=\"container\" data-e-type=\"container\">\n\t\t\t\t<div class=\"elementor-element elementor-element-4fc68e0 elementor-widget elementor-widget-text-editor\" data-id=\"4fc68e0\" data-element_type=\"widget\" data-e-type=\"widget\" data-widget_type=\"text-editor.default\">\n\t\t\t\t<div class=\"elementor-widget-container\">\n\t\t\t\t\t\t\t\t\t<p style=\"text-align: center;\" class=\"translation-block\"><b>The \u201cIl Cantuccio\u201d restaurant in Nerano,<\/b> welcomes our guests offering a special 15% discount.<\/p>\n<br>\nThe stunning Bay of Nerano, one of the most beautiful on the Amalfi Coast, is the beautiful location of the Il Cantuccio restaurant.\n<br><br>\nIl nostro men\u00f9 \u00e0 la carte \u00e8 dedicato per la maggior parte a piatti di pesce che meglio rappresentano la tradizione marinara di questo borgo sul mare, ma uno dei nostri fiori all&#8217;occhiello \u00e8 la ricetta che\nha reso Nerano famosa nel panorama culinario mondiale:\n\ngli <strong>\u201cSpaghetti alla Nerano\u201d<\/strong>.\n<br><br>\nQual \u00e8 il segreto di questa ricetta? Ogni chef ha il suo ma non lo svela a nessuno.\nNon vi resta che venirla a provare a Nerano, al Ristorante Cantuccio, per scoprirlo!\t\t\t\t\t\t\t\t<\/div>\n\t\t\t\t<\/div>\n\t\t<div class=\"elementor-element elementor-element-ad307ce e-grid e-con-full e-con e-child\" data-id=\"ad307ce\" data-element_type=\"container\" data-e-type=\"container\">\n\t\t\t\t<div class=\"elementor-element elementor-element-a8d9f0c elementor-align-center elementor-widget elementor-widget-button\" data-id=\"a8d9f0c\" data-element_type=\"widget\" data-e-type=\"widget\" data-widget_type=\"button.default\">\n\t\t\t\t<div class=\"elementor-widget-container\">\n\t\t\t\t\t\t\t\t\t<div class=\"elementor-button-wrapper\">\n\t\t\t\t\t<a class=\"elementor-button elementor-button-link elementor-size-sm\" href=\"https:\/\/www.ilcantuccionerano.com\">\n\t\t\t\t\t\t<span class=\"elementor-button-content-wrapper\">\n\t\t\t\t\t\t\t\t\t<span class=\"elementor-button-text\">Find out more<\/span>\n\t\t\t\t\t<\/span>\n\t\t\t\t\t<\/a>\n\t\t\t\t<\/div>\n\t\t\t\t\t\t\t\t<\/div>\n\t\t\t\t<\/div>\n\t\t\t\t<div class=\"elementor-element elementor-element-ee8a172 elementor-align-center elementor-widget elementor-widget-button\" data-id=\"ee8a172\" data-element_type=\"widget\" data-e-type=\"widget\" data-widget_type=\"button.default\">\n\t\t\t\t<div class=\"elementor-widget-container\">\n\t\t\t\t\t\t\t\t\t<div class=\"elementor-button-wrapper\">\n\t\t\t\t\t<a class=\"elementor-button elementor-button-link elementor-size-sm\" href=\"https:\/\/www.google.com\/maps\/place\/Il+Cantuccio+Nerano\/@40.5833979,14.3584677,15z\/data=!4m2!3m1!1s0x0:0xa85842287d98a732?sa=X&#038;ved=2ahUKEwiTp8nnkM_9AhVfbvEDHbPjC94Q_BJ6BQiAARAI\">\n\t\t\t\t\t\t<span class=\"elementor-button-content-wrapper\">\n\t\t\t\t\t\t<span class=\"elementor-button-icon\">\n\t\t\t\t<svg aria-hidden=\"true\" class=\"e-font-icon-svg e-fas-map-pin\" viewbox=\"0 0 288 512\" xmlns=\"http:\/\/www.w3.org\/2000\/svg\"><path d=\"M112 316.94v156.69l22.02 33.02c4.75 7.12 15.22 7.12 19.97 0L176 473.63V316.94c-10.39 1.92-21.06 3.06-32 3.06s-21.61-1.14-32-3.06zM144 0C64.47 0 0 64.47 0 144s64.47 144 144 144 144-64.47 144-144S223.53 0 144 0zm0 76c-37.5 0-68 30.5-68 68 0 6.62-5.38 12-12 12s-12-5.38-12-12c0-50.73 41.28-92 92-92 6.62 0 12 5.38 12 12s-5.38 12-12 12z\"><\/path><\/svg>\t\t\t<\/span>\n\t\t\t\t\t\t\t\t\t<span class=\"elementor-button-text\">Find us on \"Maps\"<\/span>\n\t\t\t\t\t<\/span>\n\t\t\t\t\t<\/a>\n\t\t\t\t<\/div>\n\t\t\t\t\t\t\t\t<\/div>\n\t\t\t\t<\/div>\n\t\t\t\t<\/div>\n\t\t\t\t<\/div>\n\t\t\t\t\t<\/div>\n\t\t\t\t<\/div>\n\t\t<div class=\"elementor-element elementor-element-23e538c e-flex e-con-boxed e-con e-parent\" data-id=\"23e538c\" data-element_type=\"container\" data-e-type=\"container\">\n\t\t\t\t\t<div class=\"e-con-inner\">\n\t\t\t\t<div class=\"elementor-element elementor-element-098e770 elementor-widget-divider--view-line elementor-widget elementor-widget-divider\" data-id=\"098e770\" data-element_type=\"widget\" data-e-type=\"widget\" data-widget_type=\"divider.default\">\n\t\t\t\t<div class=\"elementor-widget-container\">\n\t\t\t\t\t\t\t<div class=\"elementor-divider\">\n\t\t\t<span class=\"elementor-divider-separator\">\n\t\t\t\t\t\t<\/span>\n\t\t<\/div>\n\t\t\t\t\t\t<\/div>\n\t\t\t\t<\/div>\n\t\t\t\t\t<\/div>\n\t\t\t\t<\/div>\n\t\t\t\t<\/div>","protected":false},"excerpt":{"rendered":"<p>Ristorante Il ristorante \u201cIl Cantuccio\u201d di Nerano, accoglie i nostri ospiti offrendo uno sconto speciale del 15% La stupenda Baia [&hellip;]<\/p>\n","protected":false},"author":1,"featured_media":0,"parent":0,"menu_order":0,"comment_status":"closed","ping_status":"closed","template":"","meta":{"site-sidebar-layout":"no-sidebar","site-content-layout":"","ast-site-content-layout":"full-width-container","site-content-style":"default","site-sidebar-style":"default","ast-global-header-display":"","ast-banner-title-visibility":"","ast-main-header-display":"","ast-hfb-above-header-display":"","ast-hfb-below-header-display":"","ast-hfb-mobile-header-display":"","site-post-title":"disabled","ast-breadcrumbs-content":"","ast-featured-img":"disabled","footer-sml-layout":"","ast-disable-related-posts":"","theme-transparent-header-meta":"","adv-header-id-meta":"","stick-header-meta":"","header-above-stick-meta":"","header-main-stick-meta":"","header-below-stick-meta":"","astra-migrate-meta-layouts":"default","ast-page-background-enabled":"default","ast-page-background-meta":{"desktop":{"background-color":"var(--ast-global-color-5)","background-image":"","background-repeat":"repeat","background-position":"center center","background-size":"auto","background-attachment":"scroll","background-type":"","background-media":"","overlay-type":"","overlay-color":"","overlay-opacity":"","overlay-gradient":""},"tablet":{"background-color":"","background-image":"","background-repeat":"repeat","background-position":"center center","background-size":"auto","background-attachment":"scroll","background-type":"","background-media":"","overlay-type":"","overlay-color":"","overlay-opacity":"","overlay-gradient":""},"mobile":{"background-color":"","background-image":"","background-repeat":"repeat","background-position":"center center","background-size":"auto","background-attachment":"scroll","background-type":"","background-media":"","overlay-type":"","overlay-color":"","overlay-opacity":"","overlay-gradient":""}},"ast-content-background-meta":{"desktop":{"background-color":"var(--ast-global-color-4)","background-image":"","background-repeat":"repeat","background-position":"center center","background-size":"auto","background-attachment":"scroll","background-type":"","background-media":"","overlay-type":"","overlay-color":"","overlay-opacity":"","overlay-gradient":""},"tablet":{"background-color":"var(--ast-global-color-4)","background-image":"","background-repeat":"repeat","background-position":"center center","background-size":"auto","background-attachment":"scroll","background-type":"","background-media":"","overlay-type":"","overlay-color":"","overlay-opacity":"","overlay-gradient":""},"mobile":{"background-color":"var(--ast-global-color-4)","background-image":"","background-repeat":"repeat","background-position":"center center","background-size":"auto","background-attachment":"scroll","background-type":"","background-media":"","overlay-type":"","overlay-color":"","overlay-opacity":"","overlay-gradient":""}},"footnotes":""},"class_list":["post-1608","page","type-page","status-publish","hentry"],"yoast_head":"<!-- This site is optimized with the Yoast SEO plugin v27.3 - https:\/\/yoast.com\/product\/yoast-seo-wordpress\/ -->\n<title>Ristorante - Villa Olimpia<\/title>\n<meta name=\"robots\" content=\"index, follow, max-snippet:-1, max-image-preview:large, max-video-preview:-1\" \/>\n<link rel=\"canonical\" href=\"https:\/\/www.villaolimpianerano.com\/en\/ristorante\/\" \/>\n<meta property=\"og:locale\" content=\"en_GB\" \/>\n<meta property=\"og:type\" content=\"article\" \/>\n<meta property=\"og:title\" content=\"Ristorante - Villa Olimpia\" \/>\n<meta property=\"og:description\" content=\"Ristorante Il ristorante \u201cIl Cantuccio\u201d di Nerano, accoglie i nostri ospiti offrendo uno sconto speciale del 15% La stupenda Baia [&hellip;]\" \/>\n<meta property=\"og:url\" content=\"https:\/\/www.villaolimpianerano.com\/en\/ristorante\/\" \/>\n<meta property=\"og:site_name\" content=\"Villa Olimpia\" \/>\n<meta property=\"article:publisher\" content=\"https:\/\/www.facebook.com\/profile.php?id=61567390767077\" \/>\n<meta property=\"article:modified_time\" content=\"2025-04-28T11:19:48+00:00\" \/>\n<meta property=\"og:image\" content=\"https:\/\/www.villaolimpianerano.com\/wp-content\/uploads\/2025\/04\/IL-CANTUCCIO-NERANO.png\" \/>\n\t<meta property=\"og:image:width\" content=\"500\" \/>\n\t<meta property=\"og:image:height\" content=\"500\" \/>\n\t<meta property=\"og:image:type\" content=\"image\/png\" \/>\n<meta name=\"twitter:card\" content=\"summary_large_image\" \/>\n<meta name=\"twitter:label1\" content=\"Estimated reading time\" \/>\n\t<meta name=\"twitter:data1\" content=\"1 minute\" \/>\n<script type=\"application\/ld+json\" class=\"yoast-schema-graph\">{\"@context\":\"https:\\\/\\\/schema.org\",\"@graph\":[{\"@type\":\"WebPage\",\"@id\":\"https:\\\/\\\/www.villaolimpianerano.com\\\/ristorante\\\/\",\"url\":\"https:\\\/\\\/www.villaolimpianerano.com\\\/ristorante\\\/\",\"name\":\"Ristorante - Villa Olimpia\",\"isPartOf\":{\"@id\":\"https:\\\/\\\/www.villaolimpianerano.com\\\/#website\"},\"primaryImageOfPage\":{\"@id\":\"https:\\\/\\\/www.villaolimpianerano.com\\\/ristorante\\\/#primaryimage\"},\"image\":{\"@id\":\"https:\\\/\\\/www.villaolimpianerano.com\\\/ristorante\\\/#primaryimage\"},\"thumbnailUrl\":\"https:\\\/\\\/www.villaolimpianerano.com\\\/wp-content\\\/uploads\\\/2025\\\/04\\\/IL-CANTUCCIO-NERANO.png\",\"datePublished\":\"2025-04-28T10:45:00+00:00\",\"dateModified\":\"2025-04-28T11:19:48+00:00\",\"breadcrumb\":{\"@id\":\"https:\\\/\\\/www.villaolimpianerano.com\\\/ristorante\\\/#breadcrumb\"},\"inLanguage\":\"en-GB\",\"potentialAction\":[{\"@type\":\"ReadAction\",\"target\":[\"https:\\\/\\\/www.villaolimpianerano.com\\\/ristorante\\\/\"]}]},{\"@type\":\"ImageObject\",\"inLanguage\":\"en-GB\",\"@id\":\"https:\\\/\\\/www.villaolimpianerano.com\\\/ristorante\\\/#primaryimage\",\"url\":\"https:\\\/\\\/www.villaolimpianerano.com\\\/wp-content\\\/uploads\\\/2025\\\/04\\\/IL-CANTUCCIO-NERANO.png\",\"contentUrl\":\"https:\\\/\\\/www.villaolimpianerano.com\\\/wp-content\\\/uploads\\\/2025\\\/04\\\/IL-CANTUCCIO-NERANO.png\"},{\"@type\":\"BreadcrumbList\",\"@id\":\"https:\\\/\\\/www.villaolimpianerano.com\\\/ristorante\\\/#breadcrumb\",\"itemListElement\":[{\"@type\":\"ListItem\",\"position\":1,\"name\":\"Home\",\"item\":\"https:\\\/\\\/www.villaolimpianerano.com\\\/\"},{\"@type\":\"ListItem\",\"position\":2,\"name\":\"Ristorante\"}]},{\"@type\":\"WebSite\",\"@id\":\"https:\\\/\\\/www.villaolimpianerano.com\\\/#website\",\"url\":\"https:\\\/\\\/www.villaolimpianerano.com\\\/\",\"name\":\"Villa Olimpia\",\"description\":\"\",\"publisher\":{\"@id\":\"https:\\\/\\\/www.villaolimpianerano.com\\\/#organization\"},\"potentialAction\":[{\"@type\":\"SearchAction\",\"target\":{\"@type\":\"EntryPoint\",\"urlTemplate\":\"https:\\\/\\\/www.villaolimpianerano.com\\\/?s={search_term_string}\"},\"query-input\":{\"@type\":\"PropertyValueSpecification\",\"valueRequired\":true,\"valueName\":\"search_term_string\"}}],\"inLanguage\":\"en-GB\"},{\"@type\":\"Organization\",\"@id\":\"https:\\\/\\\/www.villaolimpianerano.com\\\/#organization\",\"name\":\"Villa Olimpia\",\"url\":\"https:\\\/\\\/www.villaolimpianerano.com\\\/\",\"logo\":{\"@type\":\"ImageObject\",\"inLanguage\":\"en-GB\",\"@id\":\"https:\\\/\\\/www.villaolimpianerano.com\\\/#\\\/schema\\\/logo\\\/image\\\/\",\"url\":\"https:\\\/\\\/www.villaolimpianerano.com\\\/wp-content\\\/uploads\\\/2025\\\/04\\\/LOGO-VILLA-OLIMPIA-02-scaled.jpg\",\"contentUrl\":\"https:\\\/\\\/www.villaolimpianerano.com\\\/wp-content\\\/uploads\\\/2025\\\/04\\\/LOGO-VILLA-OLIMPIA-02-scaled.jpg\",\"width\":2560,\"height\":2560,\"caption\":\"Villa Olimpia\"},\"image\":{\"@id\":\"https:\\\/\\\/www.villaolimpianerano.com\\\/#\\\/schema\\\/logo\\\/image\\\/\"},\"sameAs\":[\"https:\\\/\\\/www.facebook.com\\\/profile.php?id=61567390767077\",\"https:\\\/\\\/www.instagram.com\\\/villaolimpia_\\\/\"]}]}<\/script>\n<!-- \/ Yoast SEO plugin. -->","yoast_head_json":{"title":"Ristorante - Villa Olimpia","robots":{"index":"index","follow":"follow","max-snippet":"max-snippet:-1","max-image-preview":"max-image-preview:large","max-video-preview":"max-video-preview:-1"},"canonical":"https:\/\/www.villaolimpianerano.com\/en\/ristorante\/","og_locale":"en_GB","og_type":"article","og_title":"Ristorante - Villa Olimpia","og_description":"Ristorante Il ristorante \u201cIl Cantuccio\u201d di Nerano, accoglie i nostri ospiti offrendo uno sconto speciale del 15% La stupenda Baia [&hellip;]","og_url":"https:\/\/www.villaolimpianerano.com\/en\/ristorante\/","og_site_name":"Villa Olimpia","article_publisher":"https:\/\/www.facebook.com\/profile.php?id=61567390767077","article_modified_time":"2025-04-28T11:19:48+00:00","og_image":[{"width":500,"height":500,"url":"https:\/\/www.villaolimpianerano.com\/wp-content\/uploads\/2025\/04\/IL-CANTUCCIO-NERANO.png","type":"image\/png"}],"twitter_card":"summary_large_image","twitter_misc":{"Estimated reading time":"1 minute"},"schema":{"@context":"https:\/\/schema.org","@graph":[{"@type":"WebPage","@id":"https:\/\/www.villaolimpianerano.com\/ristorante\/","url":"https:\/\/www.villaolimpianerano.com\/ristorante\/","name":"Ristorante - Villa Olimpia","isPartOf":{"@id":"https:\/\/www.villaolimpianerano.com\/#website"},"primaryImageOfPage":{"@id":"https:\/\/www.villaolimpianerano.com\/ristorante\/#primaryimage"},"image":{"@id":"https:\/\/www.villaolimpianerano.com\/ristorante\/#primaryimage"},"thumbnailUrl":"https:\/\/www.villaolimpianerano.com\/wp-content\/uploads\/2025\/04\/IL-CANTUCCIO-NERANO.png","datePublished":"2025-04-28T10:45:00+00:00","dateModified":"2025-04-28T11:19:48+00:00","breadcrumb":{"@id":"https:\/\/www.villaolimpianerano.com\/ristorante\/#breadcrumb"},"inLanguage":"en-GB","potentialAction":[{"@type":"ReadAction","target":["https:\/\/www.villaolimpianerano.com\/ristorante\/"]}]},{"@type":"ImageObject","inLanguage":"en-GB","@id":"https:\/\/www.villaolimpianerano.com\/ristorante\/#primaryimage","url":"https:\/\/www.villaolimpianerano.com\/wp-content\/uploads\/2025\/04\/IL-CANTUCCIO-NERANO.png","contentUrl":"https:\/\/www.villaolimpianerano.com\/wp-content\/uploads\/2025\/04\/IL-CANTUCCIO-NERANO.png"},{"@type":"BreadcrumbList","@id":"https:\/\/www.villaolimpianerano.com\/ristorante\/#breadcrumb","itemListElement":[{"@type":"ListItem","position":1,"name":"Home","item":"https:\/\/www.villaolimpianerano.com\/"},{"@type":"ListItem","position":2,"name":"Ristorante"}]},{"@type":"WebSite","@id":"https:\/\/www.villaolimpianerano.com\/#website","url":"https:\/\/www.villaolimpianerano.com\/","name":"Villa Olimpia","description":"","publisher":{"@id":"https:\/\/www.villaolimpianerano.com\/#organization"},"potentialAction":[{"@type":"SearchAction","target":{"@type":"EntryPoint","urlTemplate":"https:\/\/www.villaolimpianerano.com\/?s={search_term_string}"},"query-input":{"@type":"PropertyValueSpecification","valueRequired":true,"valueName":"search_term_string"}}],"inLanguage":"en-GB"},{"@type":"Organization","@id":"https:\/\/www.villaolimpianerano.com\/#organization","name":"Villa Olimpia","url":"https:\/\/www.villaolimpianerano.com\/","logo":{"@type":"ImageObject","inLanguage":"en-GB","@id":"https:\/\/www.villaolimpianerano.com\/#\/schema\/logo\/image\/","url":"https:\/\/www.villaolimpianerano.com\/wp-content\/uploads\/2025\/04\/LOGO-VILLA-OLIMPIA-02-scaled.jpg","contentUrl":"https:\/\/www.villaolimpianerano.com\/wp-content\/uploads\/2025\/04\/LOGO-VILLA-OLIMPIA-02-scaled.jpg","width":2560,"height":2560,"caption":"Villa Olimpia"},"image":{"@id":"https:\/\/www.villaolimpianerano.com\/#\/schema\/logo\/image\/"},"sameAs":["https:\/\/www.facebook.com\/profile.php?id=61567390767077","https:\/\/www.instagram.com\/villaolimpia_\/"]}]}},"_links":{"self":[{"href":"https:\/\/www.villaolimpianerano.com\/en\/wp-json\/wp\/v2\/pages\/1608","targetHints":{"allow":["GET"]}}],"collection":[{"href":"https:\/\/www.villaolimpianerano.com\/en\/wp-json\/wp\/v2\/pages"}],"about":[{"href":"https:\/\/www.villaolimpianerano.com\/en\/wp-json\/wp\/v2\/types\/page"}],"author":[{"embeddable":true,"href":"https:\/\/www.villaolimpianerano.com\/en\/wp-json\/wp\/v2\/users\/1"}],"replies":[{"embeddable":true,"href":"https:\/\/www.villaolimpianerano.com\/en\/wp-json\/wp\/v2\/comments?post=1608"}],"version-history":[{"count":58,"href":"https:\/\/www.villaolimpianerano.com\/en\/wp-json\/wp\/v2\/pages\/1608\/revisions"}],"predecessor-version":[{"id":1759,"href":"https:\/\/www.villaolimpianerano.com\/en\/wp-json\/wp\/v2\/pages\/1608\/revisions\/1759"}],"wp:attachment":[{"href":"https:\/\/www.villaolimpianerano.com\/en\/wp-json\/wp\/v2\/media?parent=1608"}],"curies":[{"name":"wp","href":"https:\/\/api.w.org\/{rel}","templated":true}]}}